{"id":200,"date":"2025-02-25T09:51:00","date_gmt":"2025-02-25T09:51:00","guid":{"rendered":"http:\/\/localhost:10028\/?page_id=200"},"modified":"2025-05-30T15:02:10","modified_gmt":"2025-05-30T13:02:10","slug":"privacy-policy","status":"publish","type":"page","link":"https:\/\/migral.si\/index.php\/privacy-policy\/","title":{"rendered":"Politika Zasebnosti"},"content":{"rendered":"\t\t<div data-elementor-type=\"wp-page\" data-elementor-id=\"200\" class=\"elementor elementor-200\">\n\t\t\t\t<div class=\"elementor-element elementor-element-2e5f816 e-flex e-con-boxed e-con e-parent\" data-id=\"2e5f816\" data-element_type=\"container\" data-e-type=\"container\">\n\t\t\t\t\t<div class=\"e-con-inner\">\n\t\t\t\t<div class=\"elementor-element elementor-element-3c8859a elementor-widget elementor-widget-text-editor\" data-id=\"3c8859a\" data-element_type=\"widget\" data-e-type=\"widget\" data-widget_type=\"text-editor.default\">\n\t\t\t\t<div class=\"elementor-widget-container\">\n\t\t\t\t\t\t\t\t\t<h3><strong>Politika zasebnosti<\/strong><\/h3><p>Ta politika zasebnosti ureja zbiranje, hrambo in obdelavo osebnih podatkov, ki jih MIGRAL d.o.o. zbira za vas, ko obi\u0161\u010dete spletno stran, se naro\u010dite na prejemanje vsebin kot so e-novice, vabila na dogodke ali podobno.<\/p><p><strong>Upravljavec<\/strong><\/p><p>Upravljavec osebnih podatkov v pomenu, kot ga dolo\u010data Splo\u0161na uredba EU o varstvu osebnih podatkov in veljavni zakon, ki ureja varstvo osebnih podatkov je:<\/p><p>MIGRAL d.o.o.<br \/>Malo Ubeljsko 25<br \/>6225 Hru\u0161evje<br \/>ID za DDV: SI85078603<br \/>Mati\u010dna \u0161tevilka: 6224946000<br \/>\u00a0<br \/><strong>Osebni podatki in namen njihove obdelave<\/strong><\/p><p>V kolikor \u017eelite prejemati vsebine MIGRAL d.o.o. se lahko prijavite ali odjavite na naslednje obdelave:<\/p><ul><li><em>ob\u010dasne e-novice<\/em><\/li><li><em>redne e-novice<\/em><\/li><li><em>vabila na dogodke<\/em><\/li><li><em>obvestila o posebnih akcijah in prilo\u017enostih<\/em><\/li><li><em>publikacije<\/em><\/li><\/ul><p>\u00a0<\/p><p>Z izpolnitvijo teh obrazcev, naro\u010dilnice, prijave oziroma registracije in potrditvijo posredujete podjetju MIGRAL d.o.o. naslednje kontaktne podatke:<\/p><ul><li>ime<\/li><li>priimek<\/li><li>e-po\u0161tni naslov<\/li><li>telefonsko \u0161tevilko<\/li><\/ul><p>Kontaktne podatke, ki nam jih posredujete ob izpolnitvi oz. oddaji teh obrazcev, naro\u010dilnice, prijave oziroma registracije potrebujemo za obdelavo va\u0161ega naro\u010dila in za komunikacijo z vami glede konkretnih e-novic, dogodkov, obvestil o posebnih akcijah ali publikacij. MIGRAL d.o.o. spo\u0161tuje va\u0161o zasebnost in je zavezan, da pri zbiranju, hrambi in obdelavi osebnih podatkov ravna skrbno in v skladu z veljavnimi predpisi o varstvu osebnih podatkov. Ker obstajajo v spletnem informacijskem sistemu MIGRAL d.o.o. povezave na druge, zunanje spletne strani, ki niso neposredno vezane na MIGRAL d.o.o., ne prevzemamo nikakr\u0161ne odgovornosti za za\u0161\u010dito podatkov na teh spletnih straneh. Da bi prepre\u010dili nepoobla\u0161\u010den dostop do pridobljenih podatkov ali njihovo razkritje, ohranili natan\u010dnost osebnih podatkov in zagotovili njihovo ustrezno uporabo, uporabljamo ustrezne tehni\u010dne in organizacijske postopke za zavarovanje podatkov, ki jih zbiramo.<\/p><p>MIGRAL d.o.o. ne more v celoti izklju\u010diti morebitnega odtekanja ali zlorabe podatkov, saj so spletne tehnologije odprte za javnost in tako lahko \u017ertev ra\u010dunalni\u0161kih vdorov in kot take nepredvidljive.<\/p><p>OPOZORILO: EU GDPR ne predpisuje posebnih tehni\u010dnih ukrepov varovanja identitete ponudnika spletne strani oz. upravljavca, kot tudi ne predpisuje izkazovanja identitete obiskovalca spletne strani. Zato so zahteve po varovanju osebnih podatkov do dopolnitve predpisa o varovanju in obveznosti izkazovanja identitete upravljavca prepu\u0161\u010dene posamezniku, da se sam odlo\u010da ali verjame izkazani neza\u0161\u010diteni identiteti upravljavca, ki naj bi jo upravljal. Upravljavec tudi ne jam\u010di, da je lahko prepri\u010dan, da je strinjanje pridobil od posameznika, ki naj bi se strinjal s pogoji obve\u0161\u010danja, saj se posameznik proti upravljavcu v postopku potrjevanja ne identificira na enoli\u010den in preverljiv na\u010din.<\/p><p><strong>Seznam spletnih mest, ki jih upravlja upravljalec.<\/strong><\/p><p>Podjetje MIGRAL d.o.o. upravlja naslednje spletne strani:<\/p><table><tbody><tr><td width=\"302\"><strong><em>Spletne strani<\/em><\/strong><\/td><td width=\"302\"><strong><em>Opis spletne strani<\/em><\/strong><\/td><\/tr><tr><td width=\"302\">Migral.si<\/td><td width=\"302\">Predstavitvena spletna stran<\/td><\/tr><\/tbody><\/table><p>Osebni podatek, ki ga dobimo takoj ob va\u0161em obisku spletne strani, je IP obiskovalca na\u0161e spletne strani. Ker z osebnimi podatki smemo upravljati samo v primeru privolitve uporabnika, vas prosimo, da si preberete celoten dokument in potrdite strinjanje z na\u0161o politiko zasebnosti.<\/p><p><strong>Soglasje<\/strong><\/p><p>Osebne podatke, ki nam jih posredujete ob prijavi na e-novice, dogodkih, obvestilih o posebnih prilo\u017enostih ali publikacij in ostale produkte MIGRAL d.o.o. obdelujemo z va\u0161im jasnim in nedvoumnim soglasjem, ki temelji na \u010dlenu 6 (1), (a) Splo\u0161ne uredbe EU o varstvu osebnih podatkov (GDPR). Z namenom izbolj\u0161ave kakovosti na\u0161ih produktov in storitev in za statisti\u010dne namene, v zvezi z elektronskimi sporo\u010dili, ki vam jih po\u0161iljamo, obdelujemo tudi podatke o prikazih prejetih sporo\u010dil in klikih na povezave v prejetih sporo\u010dilih. Soglasje za obdelavo osebnih podatkov podate s tem, ko na spletni strani MIGRAL d.o.o. na obrazcih, naro\u010dilnicah, prijavah oziroma registracijah vpi\u0161ete svoje osebne podatke in se strinjate z vsako posami\u010dno obdelavo na katero pristanete. Pri vpisu osebnih podatkov MIGRAL d.o.o. ne pogojuje privolitve v obdelavo pri obdelavah, kjer namen presega osnovni namen obdelave zaradi katere ste pri\u0161li na spletno stran.<\/p><p>Upravljavec MIGRAL d.o.o. za obve\u0161\u010danje o spremembah pogojev poslovanja in spremembah politike zasebnosti uporablja storitev po\u0161iljanja dokazljive elektronske po\u0161te ali priporo\u010deno regularno po\u0161to. Zato boste o spremembah obve\u0161\u010deni na na\u010din, ki upravljavcu zagotavlja dokaz o pravo\u010dasni obve\u0161\u010denosti glede sprememb pogojev poslovanja oziroma politiki zasebnosti. Vse spremembe bodo objavljene tudi na spletni strani podjetja. Osebne podatke za namene, kot ga dolo\u010da veljavna zakonodaja in kjer ni potrebna privolitev, ker je pravna podlaga obstoje\u010da zakonodaja (npr. hranjenje ra\u010dunov, sklenjenih pogodb in podobno) hranimo in varujemo v skladu s Splo\u0161no uredbo EU o varstvu osebnih podatkov (GDPR).<\/p><p><strong>Va\u0161e pravice<\/strong><\/p><p>V skladu z dolo\u010dili Splo\u0161ne uredbe EU o varstvu osebnih podatkov (GDPR) imate pravico do dostopa do va\u0161ih osebnih, pravico do popravka, pravico do izbrisa (\u00bbpozabe\u00ab), pravico do prenosljivosti, pravico zahtevati omejitev obdelave osebnih podatkov in pravico do ugovora. \u010ce mislite, da so va\u0161e pravice na spletnih straneh podjetja MIGRAL d.o.o. kakorkoli kr\u0161ene, se lahko obrnete na: Informacijski poobla\u0161\u010denec Republike Slovenije (Zalo\u0161ka59, 1000 Ljubljana, telefon: 01 230 97 30, e-po\u0161ta: <a href=\"mailto:gp.ip@ip-rs-si\">gp.ip@ip-rs-si<\/a>).<\/p><p><strong>\u010cas hrambe osebnih podatkov<\/strong><\/p><p>Va\u0161e osebne podatke toliko \u010dasa, kolikor je potrebno za namen po\u0161iljanja vsebin novic, vabil na dogodke, publikacij. Rok hrambe osebnih podatkov se lahko razlikuje glede na veljavno sektorsko zakonodajo (npr. zakonodaja s podro\u010dja davkov, ra\u010dunovodstva). V primeru, ko veljavna sektorska zakonodaja dolo\u010da obvezne roke za hrambo osebnih podatkov, MIGRAL d.o.o. izbri\u0161e osebne podatke po poteku z zakonom predpisanega obveznega roka.<\/p><p><strong>Kaj so pi\u0161kotki?<\/strong><\/p><p>Pi\u0161kotek je datoteka, ki shrani nastavitve spletnih strani. Spletna mesta pi\u0161kotke shranijo v naprave uporabnikov, s katerimi dostopajo do interneta z namenom prepoznavanja posameznih naprav in nastavitev, ki so jih uporabniki uporabili pri dostopu. Pi\u0161kotki omogo\u010dajo spletnim stranem prepoznavanje, \u010de je uporabnik \u017ee obiskal to spletno mesto in pri naprednih aplikacijah se lahko z njihovo pomo\u010djo ustrezno prilagodijo posamezne nastavitve. Njihovo shranjevanje je pod popolnimi nadzorom brskalnika, ki ga uporablja uporabnik \u2013 ta lahko shranjevanje pi\u0161kotkov po \u017eelji omeji ali onemogo\u010di.<\/p><p><strong>Za kaj so pi\u0161kotki pomembni?<\/strong><\/p><p>Pi\u0161kotki so temeljitega pomena za zagotavljanje uporabniku prijaznih spletnih storitev; najpogostej\u0161e funkcije e-poslovanja ne bi bile mogo\u010de brez pi\u0161kotkov. Interakcija med spletnim uporabnikom in spletno stranjo je s pomo\u010djo pi\u0161kotkov hitrej\u0161a in enostavnej\u0161a. Z njihovo pomo\u010djo si spletna stran zapomni posameznikove preference in izku\u0161nje, brskanje po spletnih straneh pa je s tem bolj u\u010dinkovito in prijetno. Razlogov za uporabo pi\u0161kotkov je ve\u010d. Uporabljajo se za shranjevanje podatkov o stanju posamezne spletne strani (podrobnosti o prilagoditvah posamezne spletne strani), pomagajo pri izvajanju spletnih storitev (npr. spletne trgovine), pomagajo pri zbiranju statistik o uporabnikih in obiskanostih spletnega mesta, o navadah spletnega uporabnika, itd. S pomo\u010djo pi\u0161kotkov lahko torej ocenimo u\u010dinkovitost zasnove na\u0161ega spletnega mesta. O priporo\u010deni in dovoljeni uporabi pi\u0161kotkov na spletnih straneh si lahko preberete tudi smernice Informacijskega poobla\u0161\u010denca za uporabo pi\u0161kotkov, ki jih najdete tukaj.<\/p><p>Seznam pi\u0161kotkov na na\u0161ih spletnih straneh (samo primer, na tem mestu je vstavljena koda za avtomatsko pregledovanje spletnih strani!!!):<\/p><p>\u00a0<\/p><table><tbody><tr><td width=\"151\"><strong><em>Splete strani<\/em><\/strong><\/td><td width=\"151\"><strong><em>Ime pi\u0161kotke<\/em><\/strong><\/td><td width=\"67\"><strong><em>Trajanje<\/em><\/strong><\/td><td width=\"235\"><strong><em>Opis<\/em><\/strong><\/td><\/tr><tr><td width=\"151\">migral.si<\/td><td width=\"151\">EuCookieLaw<\/td><td width=\"67\">1 leto<\/td><td width=\"235\">Shrani uporabnikove preference<\/td><\/tr><tr><td width=\"151\">migral.si<\/td><td width=\"151\">Google Analytics<\/td><td width=\"67\">2 leti<\/td><td width=\"235\">Zabele\u017ei razlikovanje med uporabniki in sejami<\/td><\/tr><\/tbody><\/table><p>Pi\u0161kotki, ki jih uporabljamo na na\u0161i spletni strani, ne zbirajo va\u0161ih dodatnih osebnih podatkov na katere niste pristali in s katerimi bi vas bilo mogo\u010de osebno prepoznati. Pi\u0161kotki ne morejo po\u0161kodovati va\u0161ega ra\u010dunalnika, tablice ali mobilnega telefona. Pi\u0161kotki omogo\u010dajo delovanje na\u0161ih spletnih mest in nam pomagajo razumeti, katere informacije so za obiskovalce najkoristnej\u0161i.<\/p><p><strong>Priglasitev<\/strong><\/p><p>Z uporabo spletnih mest, ki so navedena v seznamu spletnih mest, ki jih upravlja upravljavec se strinjate, da ta spletna mesta nastavijo pi\u0161kotke na va\u0161em ra\u010dunalniku ali mobilni napravi do preklica ali izbrisa do katerega imate pravico in jih v svojem brskalniku upravljate sami.<\/p><p><strong>Upravljanje in brisanje pi\u0161kotkov<\/strong><\/p><p>\u010ce \u017eelite spremeniti na\u010din uporabe pi\u0161kotkov v brskalniku, vklju\u010dno z blokiranje ali izbrisom, lahko to storite z ustrezno spremembo nastavitev brskalnika. Za upravljanje pi\u0161kotkov vam ve\u010dina brskalnikov omogo\u010da, da sprejmete ali zavrnete vse pi\u0161kotke, sprejmete samo dolo\u010deno vrsto pi\u0161kotkov ali pa vas opozori, da stran \u017eeli shraniti pi\u0161kotek. Pi\u0161kotke, ki jih ej brskalnik shranil, lahko tudi enostavno izbri\u0161ete. \u010ce spremenite ali izbri\u0161ete brskalnikovo datoteko s pi\u0161kotki, spremenite ali nadgradite va\u0161 brskalnik ali napravo, boste morda morali ponovno onemogo\u010diti pi\u0161kotke. Postopek za upravljanje in brisanje pi\u0161kotkov se razlikuje od brskalnika do brskalnika. \u010ce pri tem potrebujete pomo\u010d, lahko pogledate v brskalnikovi pomo\u010di uporabnikom.<\/p><p>\u00a0<\/p><p>Migral d.o.o., 19.03.2024<\/p>\t\t\t\t\t\t\t\t<\/div>\n\t\t\t\t<\/div>\n\t\t\t\t\t<\/div>\n\t\t\t\t<\/div>\n\t\t\t\t<\/div>\n\t\t\n    <div class=\"xs_social_share_widget xs_share_url after_content \t\tmain_content  wslu-style-1 wslu-share-box-shaped wslu-fill-colored wslu-none wslu-share-horizontal wslu-theme-font-no wslu-main_content\">\n\n\t\t\n        <ul>\n\t\t\t        <\/ul>\n    <\/div> \n","protected":false},"excerpt":{"rendered":"<p>Politika zasebnosti Ta politika zasebnosti ureja zbiranje, hrambo in obdelavo osebnih podatkov, ki jih MIGRAL d.o.o. zbira za vas, ko obi\u0161\u010dete spletno stran, se naro\u010dite na prejemanje vsebin kot so e-novice, vabila na dogodke ali podobno. Upravljavec Upravljavec osebnih podatkov v pomenu, kot ga dolo\u010data Splo\u0161na uredba EU o varstvu osebnih podatkov in veljavni zakon,&#8230;<\/p>\n","protected":false},"author":1,"featured_media":0,"parent":0,"menu_order":0,"comment_status":"closed","ping_status":"closed","template":"","meta":{"footnotes":""},"class_list":["post-200","page","type-page","status-publish","hentry"],"yoast_head":"<!-- This site is optimized with the Yoast SEO plugin v26.5 - https:\/\/yoast.com\/wordpress\/plugins\/seo\/ -->\n<title>Politika Zasebnosti - Migral Storitve<\/title>\n<meta name=\"robots\" content=\"index, follow, max-snippet:-1, max-image-preview:large, max-video-preview:-1\" \/>\n<link rel=\"canonical\" href=\"https:\/\/migral.si\/index.php\/privacy-policy\/\" \/>\n<meta property=\"og:locale\" content=\"sl_SI\" \/>\n<meta property=\"og:type\" content=\"article\" \/>\n<meta property=\"og:title\" content=\"Politika Zasebnosti - Migral Storitve\" \/>\n<meta property=\"og:description\" content=\"Politika zasebnosti Ta politika zasebnosti ureja zbiranje, hrambo in obdelavo osebnih podatkov, ki jih MIGRAL d.o.o. zbira za vas, ko obi\u0161\u010dete spletno stran, se naro\u010dite na prejemanje vsebin kot so e-novice, vabila na dogodke ali podobno. Upravljavec Upravljavec osebnih podatkov v pomenu, kot ga dolo\u010data Splo\u0161na uredba EU o varstvu osebnih podatkov in veljavni zakon,...\" \/>\n<meta property=\"og:url\" content=\"https:\/\/migral.si\/index.php\/privacy-policy\/\" \/>\n<meta property=\"og:site_name\" content=\"Migral Storitve\" \/>\n<meta property=\"article:modified_time\" content=\"2025-05-30T13:02:10+00:00\" \/>\n<meta name=\"twitter:card\" content=\"summary_large_image\" \/>\n<meta name=\"twitter:label1\" content=\"Est. reading time\" \/>\n\t<meta name=\"twitter:data1\" content=\"8 minut\" \/>\n<script type=\"application\/ld+json\" class=\"yoast-schema-graph\">{\"@context\":\"https:\/\/schema.org\",\"@graph\":[{\"@type\":\"WebPage\",\"@id\":\"https:\/\/migral.si\/index.php\/privacy-policy\/\",\"url\":\"https:\/\/migral.si\/index.php\/privacy-policy\/\",\"name\":\"Politika Zasebnosti - Migral Storitve\",\"isPartOf\":{\"@id\":\"https:\/\/migral.si\/#website\"},\"datePublished\":\"2025-02-25T09:51:00+00:00\",\"dateModified\":\"2025-05-30T13:02:10+00:00\",\"breadcrumb\":{\"@id\":\"https:\/\/migral.si\/index.php\/privacy-policy\/#breadcrumb\"},\"inLanguage\":\"sl-SI\",\"potentialAction\":[{\"@type\":\"ReadAction\",\"target\":[\"https:\/\/migral.si\/index.php\/privacy-policy\/\"]}]},{\"@type\":\"BreadcrumbList\",\"@id\":\"https:\/\/migral.si\/index.php\/privacy-policy\/#breadcrumb\",\"itemListElement\":[{\"@type\":\"ListItem\",\"position\":1,\"name\":\"Home\",\"item\":\"https:\/\/migral.si\/\"},{\"@type\":\"ListItem\",\"position\":2,\"name\":\"Politika Zasebnosti\"}]},{\"@type\":\"WebSite\",\"@id\":\"https:\/\/migral.si\/#website\",\"url\":\"https:\/\/migral.si\/\",\"name\":\"www.migral.si\",\"description\":\"Strokovnjaki za \u010disto\u010do\",\"publisher\":{\"@id\":\"https:\/\/migral.si\/#organization\"},\"potentialAction\":[{\"@type\":\"SearchAction\",\"target\":{\"@type\":\"EntryPoint\",\"urlTemplate\":\"https:\/\/migral.si\/?s={search_term_string}\"},\"query-input\":{\"@type\":\"PropertyValueSpecification\",\"valueRequired\":true,\"valueName\":\"search_term_string\"}}],\"inLanguage\":\"sl-SI\"},{\"@type\":\"Organization\",\"@id\":\"https:\/\/migral.si\/#organization\",\"name\":\"Migral d.o.o.\",\"url\":\"https:\/\/migral.si\/\",\"logo\":{\"@type\":\"ImageObject\",\"inLanguage\":\"sl-SI\",\"@id\":\"https:\/\/migral.si\/#\/schema\/logo\/image\/\",\"url\":\"https:\/\/migral.si\/wp-content\/uploads\/2024\/05\/Migral-storitve_750_250.png\",\"contentUrl\":\"https:\/\/migral.si\/wp-content\/uploads\/2024\/05\/Migral-storitve_750_250.png\",\"width\":750,\"height\":250,\"caption\":\"Migral d.o.o.\"},\"image\":{\"@id\":\"https:\/\/migral.si\/#\/schema\/logo\/image\/\"}}]}<\/script>\n<!-- \/ Yoast SEO plugin. -->","yoast_head_json":{"title":"Politika Zasebnosti - Migral Storitve","robots":{"index":"index","follow":"follow","max-snippet":"max-snippet:-1","max-image-preview":"max-image-preview:large","max-video-preview":"max-video-preview:-1"},"canonical":"https:\/\/migral.si\/index.php\/privacy-policy\/","og_locale":"sl_SI","og_type":"article","og_title":"Politika Zasebnosti - Migral Storitve","og_description":"Politika zasebnosti Ta politika zasebnosti ureja zbiranje, hrambo in obdelavo osebnih podatkov, ki jih MIGRAL d.o.o. zbira za vas, ko obi\u0161\u010dete spletno stran, se naro\u010dite na prejemanje vsebin kot so e-novice, vabila na dogodke ali podobno. Upravljavec Upravljavec osebnih podatkov v pomenu, kot ga dolo\u010data Splo\u0161na uredba EU o varstvu osebnih podatkov in veljavni zakon,...","og_url":"https:\/\/migral.si\/index.php\/privacy-policy\/","og_site_name":"Migral Storitve","article_modified_time":"2025-05-30T13:02:10+00:00","twitter_card":"summary_large_image","twitter_misc":{"Est. reading time":"8 minut"},"schema":{"@context":"https:\/\/schema.org","@graph":[{"@type":"WebPage","@id":"https:\/\/migral.si\/index.php\/privacy-policy\/","url":"https:\/\/migral.si\/index.php\/privacy-policy\/","name":"Politika Zasebnosti - Migral Storitve","isPartOf":{"@id":"https:\/\/migral.si\/#website"},"datePublished":"2025-02-25T09:51:00+00:00","dateModified":"2025-05-30T13:02:10+00:00","breadcrumb":{"@id":"https:\/\/migral.si\/index.php\/privacy-policy\/#breadcrumb"},"inLanguage":"sl-SI","potentialAction":[{"@type":"ReadAction","target":["https:\/\/migral.si\/index.php\/privacy-policy\/"]}]},{"@type":"BreadcrumbList","@id":"https:\/\/migral.si\/index.php\/privacy-policy\/#breadcrumb","itemListElement":[{"@type":"ListItem","position":1,"name":"Home","item":"https:\/\/migral.si\/"},{"@type":"ListItem","position":2,"name":"Politika Zasebnosti"}]},{"@type":"WebSite","@id":"https:\/\/migral.si\/#website","url":"https:\/\/migral.si\/","name":"www.migral.si","description":"Strokovnjaki za \u010disto\u010do","publisher":{"@id":"https:\/\/migral.si\/#organization"},"potentialAction":[{"@type":"SearchAction","target":{"@type":"EntryPoint","urlTemplate":"https:\/\/migral.si\/?s={search_term_string}"},"query-input":{"@type":"PropertyValueSpecification","valueRequired":true,"valueName":"search_term_string"}}],"inLanguage":"sl-SI"},{"@type":"Organization","@id":"https:\/\/migral.si\/#organization","name":"Migral d.o.o.","url":"https:\/\/migral.si\/","logo":{"@type":"ImageObject","inLanguage":"sl-SI","@id":"https:\/\/migral.si\/#\/schema\/logo\/image\/","url":"https:\/\/migral.si\/wp-content\/uploads\/2024\/05\/Migral-storitve_750_250.png","contentUrl":"https:\/\/migral.si\/wp-content\/uploads\/2024\/05\/Migral-storitve_750_250.png","width":750,"height":250,"caption":"Migral d.o.o."},"image":{"@id":"https:\/\/migral.si\/#\/schema\/logo\/image\/"}}]}},"_links":{"self":[{"href":"https:\/\/migral.si\/index.php\/wp-json\/wp\/v2\/pages\/200","targetHints":{"allow":["GET"]}}],"collection":[{"href":"https:\/\/migral.si\/index.php\/wp-json\/wp\/v2\/pages"}],"about":[{"href":"https:\/\/migral.si\/index.php\/wp-json\/wp\/v2\/types\/page"}],"author":[{"embeddable":true,"href":"https:\/\/migral.si\/index.php\/wp-json\/wp\/v2\/users\/1"}],"replies":[{"embeddable":true,"href":"https:\/\/migral.si\/index.php\/wp-json\/wp\/v2\/comments?post=200"}],"version-history":[{"count":13,"href":"https:\/\/migral.si\/index.php\/wp-json\/wp\/v2\/pages\/200\/revisions"}],"predecessor-version":[{"id":3728,"href":"https:\/\/migral.si\/index.php\/wp-json\/wp\/v2\/pages\/200\/revisions\/3728"}],"wp:attachment":[{"href":"https:\/\/migral.si\/index.php\/wp-json\/wp\/v2\/media?parent=200"}],"curies":[{"name":"wp","href":"https:\/\/api.w.org\/{rel}","templated":true}]}}